{"id":240,"date":"2020-12-16T11:55:40","date_gmt":"2020-12-16T09:55:40","guid":{"rendered":"https:\/\/auksopjuvis.lt\/my-account\/"},"modified":"2020-12-16T11:55:40","modified_gmt":"2020-12-16T09:55:40","slug":"my-account","status":"publish","type":"page","link":"https:\/\/auksopjuvis.lt\/en\/my-account\/","title":{"rendered":"My Account"},"content":{"rendered":"<div class=\"woocommerce\"><div class=\"woocommerce-notices-wrapper\"><\/div>\n\n<div class=\"u-columns col2-set\" id=\"customer_login\">\n\n    <div class=\"row\">\n\n\t<div class=\"u-column1 col-md-6\">\n\n\n\t\t<h2>Login<\/h2>\n\n\t\t<form class=\"woocommerce-form woocommerce-form-login login\" method=\"post\">\n\n\t\t\t\n\t\t\t<p class=\"woocommerce-form-row woocommerce-form-row--wide form-row form-row-wide\">\n\t\t\t\t<label for=\"username\">Username or email address&nbsp;<span class=\"required\">*<\/span><\/label>\n\t\t\t\t<input type=\"text\" class=\"woocommerce-Input woocommerce-Input--text input-text\" name=\"username\" id=\"username\" autocomplete=\"username\" value=\"\" \/>\t\t\t<\/p>\n\t\t\t<p class=\"woocommerce-form-row woocommerce-form-row--wide form-row form-row-wide\">\n\t\t\t\t<label for=\"password\">Password&nbsp;<span class=\"required\">*<\/span><\/label>\n\t\t\t\t<input class=\"woocommerce-Input woocommerce-Input--text input-text\" type=\"password\" name=\"password\" id=\"password\" autocomplete=\"current-password\" \/>\n\t\t\t<\/p>\n\n\t\t\t<div class=\"g-recaptcha\" id=\"g-recaptcha\" data-sitekey=\"6LdkSiQaAAAAABEjsGLya0V8oJ0f8NalBlTMlGU2\" data-callback=\"submitEnable\" data-expired-callback=\"submitDisable\"><\/div>\n<script>\n    function submitEnable() {\n                 var button = document.getElementById('wp-submit');\n                 if (button === null) {\n                     button = document.getElementById('submit');\n                 }\n                 if (button !== null) {\n                     button.removeAttribute('disabled');\n                 }\n                 var woo_buttons = [\".woocommerce-form-login button\",\".woocommerce-form-register button\",\".woocommerce-ResetPassword button\"];\n                 if (typeof jQuery != 'undefined') {\n                     jQuery.each(woo_buttons,function(i,btn) {\n                         jQuery(btn).removeAttr('disabled');\n                     });\n                 }\n             }\n    function submitDisable() {\n                 var button = document.getElementById('wp-submit');\n                 if (button === null) {\n                     button = document.getElementById('submit');\n                 }\n                 if (button !== null) {\n                     button.setAttribute('disabled','disabled');\n                 }\n                 var woo_buttons = [\".woocommerce-form-login button\",\".woocommerce-form-register button\",\".woocommerce-ResetPassword button\"];\n                 if (typeof jQuery != 'undefined') {\n                     jQuery.each(woo_buttons,function(i,btn) {\n                        jQuery(btn).attr('disabled','disabled');\n                     });\n                 }\n             }\n<\/script>\n<noscript>\n  <div style=\"width: 100%; height: 473px;\">\n      <div style=\"width: 100%; height: 422px; position: relative;\">\n          <div style=\"width: 302px; height: 422px; position: relative;\">\n              <iframe src=\"https:\/\/www.google.com\/recaptcha\/api\/fallback?k=6LdkSiQaAAAAABEjsGLya0V8oJ0f8NalBlTMlGU2\"\n                  frameborder=\"0\" title=\"captcha\" scrolling=\"no\"\n                  style=\"width: 302px; height:422px; border-style: none;\">\n              <\/iframe>\n          <\/div>\n          <div style=\"width: 100%; height: 60px; border-style: none;\n              bottom: 12px; left: 25px; margin: 0px; padding: 0px; right: 25px; background: #f9f9f9; border: 1px solid #c1c1c1; border-radius: 3px;\">\n              <textarea id=\"g-recaptcha-response\" name=\"g-recaptcha-response\"\n                  title=\"response\" class=\"g-recaptcha-response\"\n                  style=\"width: 250px; height: 40px; border: 1px solid #c1c1c1;\n                  margin: 10px 25px; padding: 0px; resize: none;\" value=\"\">\n              <\/textarea>\n          <\/div>\n      <\/div>\n<\/div><br>\n<\/noscript>\n\n\t\t\t<p class=\"form-row\">\n\t\t\t\t<label class=\"woocommerce-form__label woocommerce-form__label-for-checkbox woocommerce-form-login__rememberme\">\n\t\t\t\t\t<input class=\"woocommerce-form__input woocommerce-form__input-checkbox\" name=\"rememberme\" type=\"checkbox\" id=\"rememberme\" value=\"forever\" \/> <span>Remember me<\/span>\n\t\t\t\t<\/label>\n\t\t\t\t<input type=\"hidden\" id=\"woocommerce-login-nonce\" name=\"woocommerce-login-nonce\" value=\"81a451f56a\" \/><input type=\"hidden\" name=\"_wp_http_referer\" value=\"\/en\/wp-json\/wp\/v2\/pages\/240\" \/>\t\t\t\t<button type=\"submit\" class=\"woocommerce-button button woocommerce-form-login__submit\" name=\"login\" value=\"Log in\">Log in<\/button>\n\t\t\t<\/p>\n\t\t\t<p class=\"woocommerce-LostPassword lost_password\">\n\t\t\t\t<a href=\"https:\/\/auksopjuvis.lt\/paskyra\/priminti-slaptazodi\/\">Lost your password?<\/a>\n\t\t\t<\/p>\n\n\t\t\t\n\t\t<\/form>\n\n\n\t<\/div>\n\n\t<div class=\"u-column2 col-md-6\">\n\n\t\t<h2>Register<\/h2>\n\n\t\t<form method=\"post\" class=\"woocommerce-form woocommerce-form-register register\"  >\n\n\t\t\t\n\t\t\t\n\t\t\t\t<p class=\"woocommerce-form-row woocommerce-form-row--wide form-row form-row-wide\">\n\t\t\t\t\t<label for=\"reg_username\">Username&nbsp;<span class=\"required\">*<\/span><\/label>\n\t\t\t\t\t<input type=\"text\" class=\"woocommerce-Input woocommerce-Input--text input-text\" name=\"username\" id=\"reg_username\" autocomplete=\"username\" value=\"\" \/>\t\t\t\t<\/p>\n\n\t\t\t\n\t\t\t<p class=\"woocommerce-form-row woocommerce-form-row--wide form-row form-row-wide mb-1\">\n\t\t\t\t<label for=\"reg_email\">Email address&nbsp;<span class=\"required\">*<\/span><\/label>\n\t\t\t\t<input type=\"email\" class=\"woocommerce-Input woocommerce-Input--text input-text\" name=\"email\" id=\"reg_email\" autocomplete=\"email\" value=\"\" \/>\t\t\t<\/p>\n\n\t\t\t\n\t\t\t\t<div class=\"col-12\">\n                    <p class=\"mb-1\"><small><strong>A password will be sent to your email address.<\/strong><\/small><\/p>\n                <\/div>\n\n\t\t\t\n\t\t\t<div class=\"col-12\">\n                <div class=\"g-recaptcha\" id=\"g-recaptcha\" data-sitekey=\"6LdkSiQaAAAAABEjsGLya0V8oJ0f8NalBlTMlGU2\" data-callback=\"submitEnable\" data-expired-callback=\"submitDisable\"><\/div>\n<script>\n    function submitEnable() {\n                 var button = document.getElementById('wp-submit');\n                 if (button === null) {\n                     button = document.getElementById('submit');\n                 }\n                 if (button !== null) {\n                     button.removeAttribute('disabled');\n                 }\n                 var woo_buttons = [\".woocommerce-form-login button\",\".woocommerce-form-register button\",\".woocommerce-ResetPassword button\"];\n                 if (typeof jQuery != 'undefined') {\n                     jQuery.each(woo_buttons,function(i,btn) {\n                         jQuery(btn).removeAttr('disabled');\n                     });\n                 }\n             }\n    function submitDisable() {\n                 var button = document.getElementById('wp-submit');\n                 if (button === null) {\n                     button = document.getElementById('submit');\n                 }\n                 if (button !== null) {\n                     button.setAttribute('disabled','disabled');\n                 }\n                 var woo_buttons = [\".woocommerce-form-login button\",\".woocommerce-form-register button\",\".woocommerce-ResetPassword button\"];\n                 if (typeof jQuery != 'undefined') {\n                     jQuery.each(woo_buttons,function(i,btn) {\n                        jQuery(btn).attr('disabled','disabled');\n                     });\n                 }\n             }\n<\/script>\n<noscript>\n  <div style=\"width: 100%; height: 473px;\">\n      <div style=\"width: 100%; height: 422px; position: relative;\">\n          <div style=\"width: 302px; height: 422px; position: relative;\">\n              <iframe src=\"https:\/\/www.google.com\/recaptcha\/api\/fallback?k=6LdkSiQaAAAAABEjsGLya0V8oJ0f8NalBlTMlGU2\"\n                  frameborder=\"0\" title=\"captcha\" scrolling=\"no\"\n                  style=\"width: 302px; height:422px; border-style: none;\">\n              <\/iframe>\n          <\/div>\n          <div style=\"width: 100%; height: 60px; border-style: none;\n              bottom: 12px; left: 25px; margin: 0px; padding: 0px; right: 25px; background: #f9f9f9; border: 1px solid #c1c1c1; border-radius: 3px;\">\n              <textarea id=\"g-recaptcha-response\" name=\"g-recaptcha-response\"\n                  title=\"response\" class=\"g-recaptcha-response\"\n                  style=\"width: 250px; height: 40px; border: 1px solid #c1c1c1;\n                  margin: 10px 25px; padding: 0px; resize: none;\" value=\"\">\n              <\/textarea>\n          <\/div>\n      <\/div>\n<\/div><br>\n<\/noscript>\n<wc-order-attribution-inputs><\/wc-order-attribution-inputs><div class=\"woocommerce-privacy-policy-text\"><p>J\u016bs\u0173 asmeniniai duomenys bus naudojami patogesniam nar\u0161ymui \u0161iame tinklalapyje, paskyros valdymui bei kitoms reikm\u0117ms, kurios apra\u0161ytos m\u016bs\u0173 <a href=\"https:\/\/auksopjuvis.lt\/privatumo-politika\/\" class=\"woocommerce-privacy-policy-link\" target=\"_blank\">privacy policy<\/a>.<\/p>\n<\/div>                <div class=\"clearfix\">&nbsp;<\/div>\n            <\/div>\n\n\n            <p class=\"woocommerce-form-row form-row col-12\">\n                <input type=\"hidden\" id=\"woocommerce-register-nonce\" name=\"woocommerce-register-nonce\" value=\"6b3079992f\" \/><input type=\"hidden\" name=\"_wp_http_referer\" value=\"\/en\/wp-json\/wp\/v2\/pages\/240\" \/>                <button type=\"submit\" class=\"woocommerce-Button woocommerce-button button woocommerce-form-register__submit\" name=\"register\" value=\"Register\">Register<\/button>\n            <\/p>\n\n\n\t\t\t\n\t\t<\/form>\n\n\t<\/div>\n\n    <\/div>\n\n<\/div>\n\n<\/div>","protected":false},"excerpt":{"rendered":"","protected":false},"author":1,"featured_media":0,"parent":0,"menu_order":0,"comment_status":"closed","ping_status":"closed","template":"","meta":{"_acf_changed":false,"footnotes":""},"class_list":["post-240","page","type-page","status-publish","hentry"],"acf":[],"yoast_head":"<!-- This site is optimized with the Yoast SEO plugin v23.4 - https:\/\/yoast.com\/wordpress\/plugins\/seo\/ -->\n<title>My Account - Aukso pj\u016bvis<\/title>\n<meta name=\"robots\" content=\"index, follow, max-snippet:-1, max-image-preview:large, max-video-preview:-1\" \/>\n<link rel=\"canonical\" href=\"https:\/\/auksopjuvis.lt\/paskyra\/\" \/>\n<meta property=\"og:locale\" content=\"en_US\" \/>\n<meta property=\"og:type\" content=\"article\" \/>\n<meta property=\"og:title\" content=\"My Account - Aukso pj\u016bvis\" \/>\n<meta property=\"og:url\" content=\"https:\/\/auksopjuvis.lt\/paskyra\/\" \/>\n<meta property=\"og:site_name\" content=\"Aukso pj\u016bvis\" \/>\n<meta name=\"twitter:card\" content=\"summary_large_image\" \/>\n<script type=\"application\/ld+json\" class=\"yoast-schema-graph\">{\"@context\":\"https:\/\/schema.org\",\"@graph\":[{\"@type\":\"WebPage\",\"@id\":\"https:\/\/auksopjuvis.lt\/paskyra\/\",\"url\":\"https:\/\/auksopjuvis.lt\/paskyra\/\",\"name\":\"My Account - Aukso pj\u016bvis\",\"isPartOf\":{\"@id\":\"https:\/\/auksopjuvis.lt\/#website\"},\"datePublished\":\"2020-12-16T09:55:40+00:00\",\"dateModified\":\"2020-12-16T09:55:40+00:00\",\"breadcrumb\":{\"@id\":\"https:\/\/auksopjuvis.lt\/paskyra\/#breadcrumb\"},\"inLanguage\":\"en-US\",\"potentialAction\":[{\"@type\":\"ReadAction\",\"target\":[\"https:\/\/auksopjuvis.lt\/paskyra\/\"]}]},{\"@type\":\"BreadcrumbList\",\"@id\":\"https:\/\/auksopjuvis.lt\/paskyra\/#breadcrumb\",\"itemListElement\":[{\"@type\":\"ListItem\",\"position\":1,\"name\":\"Home\",\"item\":\"https:\/\/auksopjuvis.lt\/\"},{\"@type\":\"ListItem\",\"position\":2,\"name\":\"My Account\"}]},{\"@type\":\"WebSite\",\"@id\":\"https:\/\/auksopjuvis.lt\/#website\",\"url\":\"https:\/\/auksopjuvis.lt\/\",\"name\":\"Aukso pj\u016bvis\",\"description\":\"Elektronin\u0117 meno k\u016brini\u0173 galerija\",\"publisher\":{\"@id\":\"https:\/\/auksopjuvis.lt\/#organization\"},\"potentialAction\":[{\"@type\":\"SearchAction\",\"target\":{\"@type\":\"EntryPoint\",\"urlTemplate\":\"https:\/\/auksopjuvis.lt\/?s={search_term_string}\"},\"query-input\":{\"@type\":\"PropertyValueSpecification\",\"valueRequired\":true,\"valueName\":\"search_term_string\"}}],\"inLanguage\":\"en-US\"},{\"@type\":\"Organization\",\"@id\":\"https:\/\/auksopjuvis.lt\/#organization\",\"name\":\"Aukso pj\u016bvis\",\"url\":\"https:\/\/auksopjuvis.lt\/\",\"logo\":{\"@type\":\"ImageObject\",\"inLanguage\":\"en-US\",\"@id\":\"https:\/\/auksopjuvis.lt\/#\/schema\/logo\/image\/\",\"url\":\"https:\/\/auksopjuvis.lt\/wp-content\/uploads\/2024\/09\/111111111111-removebg-preview.png\",\"contentUrl\":\"https:\/\/auksopjuvis.lt\/wp-content\/uploads\/2024\/09\/111111111111-removebg-preview.png\",\"width\":620,\"height\":257,\"caption\":\"Aukso pj\u016bvis\"},\"image\":{\"@id\":\"https:\/\/auksopjuvis.lt\/#\/schema\/logo\/image\/\"}}]}<\/script>\n<!-- \/ Yoast SEO plugin. -->","yoast_head_json":{"title":"My Account - Aukso pj\u016bvis","robots":{"index":"index","follow":"follow","max-snippet":"max-snippet:-1","max-image-preview":"max-image-preview:large","max-video-preview":"max-video-preview:-1"},"canonical":"https:\/\/auksopjuvis.lt\/paskyra\/","og_locale":"en_US","og_type":"article","og_title":"My Account - Aukso pj\u016bvis","og_url":"https:\/\/auksopjuvis.lt\/paskyra\/","og_site_name":"Aukso pj\u016bvis","twitter_card":"summary_large_image","schema":{"@context":"https:\/\/schema.org","@graph":[{"@type":"WebPage","@id":"https:\/\/auksopjuvis.lt\/paskyra\/","url":"https:\/\/auksopjuvis.lt\/paskyra\/","name":"My Account - Aukso pj\u016bvis","isPartOf":{"@id":"https:\/\/auksopjuvis.lt\/#website"},"datePublished":"2020-12-16T09:55:40+00:00","dateModified":"2020-12-16T09:55:40+00:00","breadcrumb":{"@id":"https:\/\/auksopjuvis.lt\/paskyra\/#breadcrumb"},"inLanguage":"en-US","potentialAction":[{"@type":"ReadAction","target":["https:\/\/auksopjuvis.lt\/paskyra\/"]}]},{"@type":"BreadcrumbList","@id":"https:\/\/auksopjuvis.lt\/paskyra\/#breadcrumb","itemListElement":[{"@type":"ListItem","position":1,"name":"Home","item":"https:\/\/auksopjuvis.lt\/"},{"@type":"ListItem","position":2,"name":"My Account"}]},{"@type":"WebSite","@id":"https:\/\/auksopjuvis.lt\/#website","url":"https:\/\/auksopjuvis.lt\/","name":"Aukso pj\u016bvis","description":"Elektronin\u0117 meno k\u016brini\u0173 galerija","publisher":{"@id":"https:\/\/auksopjuvis.lt\/#organization"},"potentialAction":[{"@type":"SearchAction","target":{"@type":"EntryPoint","urlTemplate":"https:\/\/auksopjuvis.lt\/?s={search_term_string}"},"query-input":{"@type":"PropertyValueSpecification","valueRequired":true,"valueName":"search_term_string"}}],"inLanguage":"en-US"},{"@type":"Organization","@id":"https:\/\/auksopjuvis.lt\/#organization","name":"Aukso pj\u016bvis","url":"https:\/\/auksopjuvis.lt\/","logo":{"@type":"ImageObject","inLanguage":"en-US","@id":"https:\/\/auksopjuvis.lt\/#\/schema\/logo\/image\/","url":"https:\/\/auksopjuvis.lt\/wp-content\/uploads\/2024\/09\/111111111111-removebg-preview.png","contentUrl":"https:\/\/auksopjuvis.lt\/wp-content\/uploads\/2024\/09\/111111111111-removebg-preview.png","width":620,"height":257,"caption":"Aukso pj\u016bvis"},"image":{"@id":"https:\/\/auksopjuvis.lt\/#\/schema\/logo\/image\/"}}]}},"_links":{"self":[{"href":"https:\/\/auksopjuvis.lt\/en\/wp-json\/wp\/v2\/pages\/240","targetHints":{"allow":["GET"]}}],"collection":[{"href":"https:\/\/auksopjuvis.lt\/en\/wp-json\/wp\/v2\/pages"}],"about":[{"href":"https:\/\/auksopjuvis.lt\/en\/wp-json\/wp\/v2\/types\/page"}],"author":[{"embeddable":true,"href":"https:\/\/auksopjuvis.lt\/en\/wp-json\/wp\/v2\/users\/1"}],"replies":[{"embeddable":true,"href":"https:\/\/auksopjuvis.lt\/en\/wp-json\/wp\/v2\/comments?post=240"}],"version-history":[{"count":0,"href":"https:\/\/auksopjuvis.lt\/en\/wp-json\/wp\/v2\/pages\/240\/revisions"}],"wp:attachment":[{"href":"https:\/\/auksopjuvis.lt\/en\/wp-json\/wp\/v2\/media?parent=240"}],"curies":[{"name":"wp","href":"https:\/\/api.w.org\/{rel}","templated":true}]}}