{"id":238,"date":"2020-12-16T11:55:40","date_gmt":"2020-12-16T09:55:40","guid":{"rendered":"https:\/\/auksopjuvis.lt\/cart\/"},"modified":"2020-12-16T11:55:40","modified_gmt":"2020-12-16T09:55:40","slug":"cart","status":"publish","type":"page","link":"https:\/\/auksopjuvis.lt\/en\/cart\/","title":{"rendered":"Cart"},"content":{"rendered":"<div class=\"woocommerce\"><div class=\"woocommerce-notices-wrapper\"><\/div><div class=\"wc-empty-cart-message\">\n\t<div class=\"cart-empty woocommerce-info\">\n\t\tYour cart is currently empty.\t<\/div>\n<\/div>\t<p class=\"return-to-shop\">\n\t\t<a class=\"button wc-backward\" href=\"https:\/\/auksopjuvis.lt\/e-galerija\/\">\n\t\t\tReturn to shop\t\t<\/a>\n\t<\/p>\n<\/div>","protected":false},"excerpt":{"rendered":"","protected":false},"author":1,"featured_media":0,"parent":0,"menu_order":0,"comment_status":"closed","ping_status":"closed","template":"","meta":{"_acf_changed":false,"footnotes":""},"class_list":["post-238","page","type-page","status-publish","hentry"],"acf":[],"yoast_head":"<!-- This site is optimized with the Yoast SEO plugin v23.4 - https:\/\/yoast.com\/wordpress\/plugins\/seo\/ -->\n<title>Cart - Aukso pj\u016bvis<\/title>\n<meta name=\"robots\" content=\"index, follow, max-snippet:-1, max-image-preview:large, max-video-preview:-1\" \/>\n<link rel=\"canonical\" href=\"https:\/\/auksopjuvis.lt\/krepselis\/\" \/>\n<meta property=\"og:locale\" content=\"en_US\" \/>\n<meta property=\"og:type\" content=\"article\" \/>\n<meta property=\"og:title\" content=\"Cart - Aukso pj\u016bvis\" \/>\n<meta property=\"og:url\" content=\"https:\/\/auksopjuvis.lt\/krepselis\/\" \/>\n<meta property=\"og:site_name\" content=\"Aukso pj\u016bvis\" \/>\n<meta name=\"twitter:card\" content=\"summary_large_image\" \/>\n<script type=\"application\/ld+json\" class=\"yoast-schema-graph\">{\"@context\":\"https:\/\/schema.org\",\"@graph\":[{\"@type\":\"WebPage\",\"@id\":\"https:\/\/auksopjuvis.lt\/krepselis\/\",\"url\":\"https:\/\/auksopjuvis.lt\/krepselis\/\",\"name\":\"Cart - Aukso pj\u016bvis\",\"isPartOf\":{\"@id\":\"https:\/\/auksopjuvis.lt\/#website\"},\"datePublished\":\"2020-12-16T09:55:40+00:00\",\"dateModified\":\"2020-12-16T09:55:40+00:00\",\"breadcrumb\":{\"@id\":\"https:\/\/auksopjuvis.lt\/krepselis\/#breadcrumb\"},\"inLanguage\":\"en-US\",\"potentialAction\":[{\"@type\":\"ReadAction\",\"target\":[\"https:\/\/auksopjuvis.lt\/krepselis\/\"]}]},{\"@type\":\"BreadcrumbList\",\"@id\":\"https:\/\/auksopjuvis.lt\/krepselis\/#breadcrumb\",\"itemListElement\":[{\"@type\":\"ListItem\",\"position\":1,\"name\":\"Home\",\"item\":\"https:\/\/auksopjuvis.lt\/\"},{\"@type\":\"ListItem\",\"position\":2,\"name\":\"Cart\"}]},{\"@type\":\"WebSite\",\"@id\":\"https:\/\/auksopjuvis.lt\/#website\",\"url\":\"https:\/\/auksopjuvis.lt\/\",\"name\":\"Aukso pj\u016bvis\",\"description\":\"Elektronin\u0117 meno k\u016brini\u0173 galerija\",\"publisher\":{\"@id\":\"https:\/\/auksopjuvis.lt\/#organization\"},\"potentialAction\":[{\"@type\":\"SearchAction\",\"target\":{\"@type\":\"EntryPoint\",\"urlTemplate\":\"https:\/\/auksopjuvis.lt\/?s={search_term_string}\"},\"query-input\":{\"@type\":\"PropertyValueSpecification\",\"valueRequired\":true,\"valueName\":\"search_term_string\"}}],\"inLanguage\":\"en-US\"},{\"@type\":\"Organization\",\"@id\":\"https:\/\/auksopjuvis.lt\/#organization\",\"name\":\"Aukso pj\u016bvis\",\"url\":\"https:\/\/auksopjuvis.lt\/\",\"logo\":{\"@type\":\"ImageObject\",\"inLanguage\":\"en-US\",\"@id\":\"https:\/\/auksopjuvis.lt\/#\/schema\/logo\/image\/\",\"url\":\"https:\/\/auksopjuvis.lt\/wp-content\/uploads\/2024\/09\/111111111111-removebg-preview.png\",\"contentUrl\":\"https:\/\/auksopjuvis.lt\/wp-content\/uploads\/2024\/09\/111111111111-removebg-preview.png\",\"width\":620,\"height\":257,\"caption\":\"Aukso pj\u016bvis\"},\"image\":{\"@id\":\"https:\/\/auksopjuvis.lt\/#\/schema\/logo\/image\/\"}}]}<\/script>\n<!-- \/ Yoast SEO plugin. -->","yoast_head_json":{"title":"Cart - Aukso pj\u016bvis","robots":{"index":"index","follow":"follow","max-snippet":"max-snippet:-1","max-image-preview":"max-image-preview:large","max-video-preview":"max-video-preview:-1"},"canonical":"https:\/\/auksopjuvis.lt\/krepselis\/","og_locale":"en_US","og_type":"article","og_title":"Cart - Aukso pj\u016bvis","og_url":"https:\/\/auksopjuvis.lt\/krepselis\/","og_site_name":"Aukso pj\u016bvis","twitter_card":"summary_large_image","schema":{"@context":"https:\/\/schema.org","@graph":[{"@type":"WebPage","@id":"https:\/\/auksopjuvis.lt\/krepselis\/","url":"https:\/\/auksopjuvis.lt\/krepselis\/","name":"Cart - Aukso pj\u016bvis","isPartOf":{"@id":"https:\/\/auksopjuvis.lt\/#website"},"datePublished":"2020-12-16T09:55:40+00:00","dateModified":"2020-12-16T09:55:40+00:00","breadcrumb":{"@id":"https:\/\/auksopjuvis.lt\/krepselis\/#breadcrumb"},"inLanguage":"en-US","potentialAction":[{"@type":"ReadAction","target":["https:\/\/auksopjuvis.lt\/krepselis\/"]}]},{"@type":"BreadcrumbList","@id":"https:\/\/auksopjuvis.lt\/krepselis\/#breadcrumb","itemListElement":[{"@type":"ListItem","position":1,"name":"Home","item":"https:\/\/auksopjuvis.lt\/"},{"@type":"ListItem","position":2,"name":"Cart"}]},{"@type":"WebSite","@id":"https:\/\/auksopjuvis.lt\/#website","url":"https:\/\/auksopjuvis.lt\/","name":"Aukso pj\u016bvis","description":"Elektronin\u0117 meno k\u016brini\u0173 galerija","publisher":{"@id":"https:\/\/auksopjuvis.lt\/#organization"},"potentialAction":[{"@type":"SearchAction","target":{"@type":"EntryPoint","urlTemplate":"https:\/\/auksopjuvis.lt\/?s={search_term_string}"},"query-input":{"@type":"PropertyValueSpecification","valueRequired":true,"valueName":"search_term_string"}}],"inLanguage":"en-US"},{"@type":"Organization","@id":"https:\/\/auksopjuvis.lt\/#organization","name":"Aukso pj\u016bvis","url":"https:\/\/auksopjuvis.lt\/","logo":{"@type":"ImageObject","inLanguage":"en-US","@id":"https:\/\/auksopjuvis.lt\/#\/schema\/logo\/image\/","url":"https:\/\/auksopjuvis.lt\/wp-content\/uploads\/2024\/09\/111111111111-removebg-preview.png","contentUrl":"https:\/\/auksopjuvis.lt\/wp-content\/uploads\/2024\/09\/111111111111-removebg-preview.png","width":620,"height":257,"caption":"Aukso pj\u016bvis"},"image":{"@id":"https:\/\/auksopjuvis.lt\/#\/schema\/logo\/image\/"}}]}},"_links":{"self":[{"href":"https:\/\/auksopjuvis.lt\/en\/wp-json\/wp\/v2\/pages\/238","targetHints":{"allow":["GET"]}}],"collection":[{"href":"https:\/\/auksopjuvis.lt\/en\/wp-json\/wp\/v2\/pages"}],"about":[{"href":"https:\/\/auksopjuvis.lt\/en\/wp-json\/wp\/v2\/types\/page"}],"author":[{"embeddable":true,"href":"https:\/\/auksopjuvis.lt\/en\/wp-json\/wp\/v2\/users\/1"}],"replies":[{"embeddable":true,"href":"https:\/\/auksopjuvis.lt\/en\/wp-json\/wp\/v2\/comments?post=238"}],"version-history":[{"count":0,"href":"https:\/\/auksopjuvis.lt\/en\/wp-json\/wp\/v2\/pages\/238\/revisions"}],"wp:attachment":[{"href":"https:\/\/auksopjuvis.lt\/en\/wp-json\/wp\/v2\/media?parent=238"}],"curies":[{"name":"wp","href":"https:\/\/api.w.org\/{rel}","templated":true}]}}